{"id":1371,"date":"2022-09-29T19:28:45","date_gmt":"2022-09-29T16:28:45","guid":{"rendered":"https:\/\/deltaprefabrik.com.tr\/?page_id=1371"},"modified":"2022-10-13T18:24:08","modified_gmt":"2022-10-13T15:24:08","slug":"ongoing-projects","status":"publish","type":"page","link":"https:\/\/deltaprefabrik.com.tr\/?page_id=1371&lang=en","title":{"rendered":"ONGOING PROJECTS"},"content":{"rendered":"<h3>ONGOING PROJECTS<\/h3>\n<ol>\n<li>\u0130smail Kaplan \u2013 Bursa Deri Organize Sanayi Fabrika \u0130n\u015faat\u0131<u><\/u><u><\/u><\/li>\n<li class=\"m_2458777986888463796MsoListParagraph\">Green City \u0130n\u015faat- Ersel H\u00fcro\u011flu Fabrika Binas\u0131 \u0130n\u015faat\u0131 G\u00fcrsu<u><\/u><u><\/u><\/li>\n<li class=\"m_2458777986888463796MsoListParagraph\">Shaza Ltd \u015eti- Depo \u0130n\u015faat\u0131 Karacabey<u><\/u><u><\/u><\/li>\n<li class=\"m_2458777986888463796MsoListParagraph\">Ali-Erdal Onur &#8211; Bursa Deri Organize Sanayi Fabrika \u0130n\u015faat\u0131<u><\/u><u><\/u><\/li>\n<li class=\"m_2458777986888463796MsoListParagraph\">Green City \u0130n\u015faat- Y\u0130M Yap\u0131 Fabrika Binas\u0131 \u0130n\u015faat\u0131 Bursa<\/li>\n<\/ol>\n","protected":false},"excerpt":{"rendered":"<p>ONGOING PROJECTS \u0130smail Kaplan \u2013 Bursa Deri Organize Sanayi Fabrika \u0130n\u015faat\u0131 Green City \u0130n\u015faat- Ersel H\u00fcro\u011flu Fabrika Binas\u0131 \u0130n\u015faat\u0131 G\u00fcrsu Shaza Ltd \u015eti- Depo \u0130n\u015faat\u0131&hellip;<\/p>\n","protected":false},"author":1,"featured_media":0,"parent":0,"menu_order":0,"comment_status":"closed","ping_status":"closed","template":"","meta":{"footnotes":""},"class_list":["post-1371","page","type-page","status-publish","hentry"],"_links":{"self":[{"href":"https:\/\/deltaprefabrik.com.tr\/index.php?rest_route=\/wp\/v2\/pages\/1371","targetHints":{"allow":["GET"]}}],"collection":[{"href":"https:\/\/deltaprefabrik.com.tr\/index.php?rest_route=\/wp\/v2\/pages"}],"about":[{"href":"https:\/\/deltaprefabrik.com.tr\/index.php?rest_route=\/wp\/v2\/types\/page"}],"author":[{"embeddable":true,"href":"https:\/\/deltaprefabrik.com.tr\/index.php?rest_route=\/wp\/v2\/users\/1"}],"replies":[{"embeddable":true,"href":"https:\/\/deltaprefabrik.com.tr\/index.php?rest_route=%2Fwp%2Fv2%2Fcomments&post=1371"}],"version-history":[{"count":5,"href":"https:\/\/deltaprefabrik.com.tr\/index.php?rest_route=\/wp\/v2\/pages\/1371\/revisions"}],"predecessor-version":[{"id":1480,"href":"https:\/\/deltaprefabrik.com.tr\/index.php?rest_route=\/wp\/v2\/pages\/1371\/revisions\/1480"}],"wp:attachment":[{"href":"https:\/\/deltaprefabrik.com.tr\/index.php?rest_route=%2Fwp%2Fv2%2Fmedia&parent=1371"}],"curies":[{"name":"wp","href":"https:\/\/api.w.org\/{rel}","templated":true}]}}