{"id":1348,"date":"2022-09-29T19:18:36","date_gmt":"2022-09-29T16:18:36","guid":{"rendered":"https:\/\/deltaprefabrik.com.tr\/?page_id=1348"},"modified":"2022-09-29T19:18:36","modified_gmt":"2022-09-29T16:18:36","slug":"insaat-tarzimiz","status":"publish","type":"page","link":"https:\/\/deltaprefabrik.com.tr\/?page_id=1348&lang=tr","title":{"rendered":"\u0130N\u015eAAT TARZIMIZ"},"content":{"rendered":"<h3><em>\u0130<\/em><em>\u015f<\/em><em>i<\/em><em>n asl\u0131, yap\u0131 in\u015fa etmeyi seviyoruz \u2026<\/em><\/h3>\n<p>DELTA Prefabrik \u0130n\u015faat Taahh\u00fct A.\u015e. tam kapsaml\u0131 hizmet veren bir genel m\u00fcteahhitlik \u015firketi olup, ticari, konut ve kurumsal in\u015faat alanlar\u0131nda uzmanla\u015fm\u0131\u015ft\u0131r. \u0130n\u015faat \u00f6ncesi hizmetler, in\u015faat y\u00f6netimi ve \u201ctasarla \u2013 in\u015fa et\u201d hizmetlerinin<\/p>\n<p>yan\u0131 s\u0131ra geleneksel m\u00fcteahhitlik hizmetleri de sunmaktay\u0131z. DELTA Prefabrik \u0130n\u015faat Taahh\u00fct A.\u015e. hem m\u00fczakere edilmi\u015f, hem de rekabet\u00e7i bir \u015fekilde i\u015flerini ger\u00e7ekle\u015ftirecektir. Sundu\u011fumuz hizmetler, a\u015fa\u011f\u0131da belirtilenler dahil olmak \u00fczere, tam kapsaml\u0131d\u0131r:<\/p>\n<ul>\n<li>\u0130n\u015faat \u00d6ncesi Hizmetler<\/li>\n<li>Maliyetlendirme Kavramsal<\/li>\n<li>B\u00fct\u00e7eleme De\u011fer M\u00fchendisli\u011fi<\/li>\n<li>Ya\u015fam D\u00f6ng\u00fcs\u00fc Analizi Zaman<\/li>\n<li>Programlamas\u0131 Etap Analizi<\/li>\n<li>Tasarla \u2013 \u0130n\u015fa Et<\/li>\n<li>\u0130n\u015faat Y\u00f6netimi<\/li>\n<li>Genel \u0130n\u015faat ve Serme<\/li>\n<li>Geli\u015ftirme \u2013 \u0130n\u015faat\u0131n Ger\u00e7ekle\u015ftirilmesi<\/li>\n<\/ul>\n<p>Tam kapsaml\u0131 in\u015faat hizmetleri sunmam\u0131z sayesinde m\u00fc\u015fterilerimizin beklentilerini, ve hedeflerini a\u015fan, ve b\u00fct\u00e7esini zorlamayan bir i\u015f teslim sistemini olu\u015fturabilmekteyiz. DELTA Prefabrik \u0130n\u015faat Taahh\u00fct A.\u015e.\u2019nin bu hizmetlere olan ba\u011fl\u0131l\u0131\u011f\u0131, projenize ve kurulu\u015funuza de\u011fer katmakta, her iki taraf\u0131n da kazan\u00e7l\u0131 \u00e7\u0131kt\u0131\u011f\u0131 bir ortam yarat\u0131lmas\u0131na yard\u0131mc\u0131 olmaktad\u0131r<\/p>\n","protected":false},"excerpt":{"rendered":"<p>\u0130\u015fin asl\u0131, yap\u0131 in\u015fa etmeyi seviyoruz \u2026 DELTA Prefabrik \u0130n\u015faat Taahh\u00fct A.\u015e. tam kapsaml\u0131 hizmet veren bir genel m\u00fcteahhitlik \u015firketi olup, ticari, konut ve kurumsal&hellip;<\/p>\n","protected":false},"author":1,"featured_media":0,"parent":0,"menu_order":0,"comment_status":"closed","ping_status":"closed","template":"","meta":{"footnotes":""},"class_list":["post-1348","page","type-page","status-publish","hentry"],"_links":{"self":[{"href":"https:\/\/deltaprefabrik.com.tr\/index.php?rest_route=\/wp\/v2\/pages\/1348","targetHints":{"allow":["GET"]}}],"collection":[{"href":"https:\/\/deltaprefabrik.com.tr\/index.php?rest_route=\/wp\/v2\/pages"}],"about":[{"href":"https:\/\/deltaprefabrik.com.tr\/index.php?rest_route=\/wp\/v2\/types\/page"}],"author":[{"embeddable":true,"href":"https:\/\/deltaprefabrik.com.tr\/index.php?rest_route=\/wp\/v2\/users\/1"}],"replies":[{"embeddable":true,"href":"https:\/\/deltaprefabrik.com.tr\/index.php?rest_route=%2Fwp%2Fv2%2Fcomments&post=1348"}],"version-history":[{"count":1,"href":"https:\/\/deltaprefabrik.com.tr\/index.php?rest_route=\/wp\/v2\/pages\/1348\/revisions"}],"predecessor-version":[{"id":1349,"href":"https:\/\/deltaprefabrik.com.tr\/index.php?rest_route=\/wp\/v2\/pages\/1348\/revisions\/1349"}],"wp:attachment":[{"href":"https:\/\/deltaprefabrik.com.tr\/index.php?rest_route=%2Fwp%2Fv2%2Fmedia&parent=1348"}],"curies":[{"name":"wp","href":"https:\/\/api.w.org\/{rel}","templated":true}]}}