{"id":1340,"date":"2022-09-29T19:08:15","date_gmt":"2022-09-29T16:08:15","guid":{"rendered":"https:\/\/deltaprefabrik.com.tr\/?page_id=1340"},"modified":"2022-09-29T19:08:15","modified_gmt":"2022-09-29T16:08:15","slug":"insaat","status":"publish","type":"page","link":"https:\/\/deltaprefabrik.com.tr\/?page_id=1340&lang=tr","title":{"rendered":"\u0130N\u015eAAT"},"content":{"rendered":"<p>DELTA Prefabrik \u0130n\u015faat Taahh\u00fct A.\u015e., in\u015faat sekt\u00f6r\u00fcnde esaslar, hizmetler ve performans i\u00e7in en y\u00fcksek standartlar\u0131 ger\u00e7ekle\u015ftirmek ilkesine ba\u011fl\u0131d\u0131r. Bunun, tek ortak hedefi \u201csizin projenizin ba\u015far\u0131s\u0131 olan\u201d sadece i\u015fine ba\u011fl\u0131 in\u015faat profesyonelleri ile yetenekli za- naatkar ki\u015fileri bir araya getirmekle m\u00fcmk\u00fcn olaca\u011f\u0131n\u0131n da bilincindeyiz. Performans sicilimiz etkin \u00f6nderlik ve detaylar\u0131n \u00f6zenle incelenmesinden kaynaklanmaktad\u0131r. DELTA Prefabrik \u0130n\u015faat Taahh\u00fct A.\u015e., m\u00fc\u015fterilerimizin hedeflerinin yerine getirilmesini sa\u011flayabilir.Proje y\u00f6neticilerimiz ve m\u00fcfetti\u015flerimize y\u00fcksek kalitede, zamanl\u0131 ve daha etki maliyetli sonu\u00e7lar elde edebilmeleri i\u00e7in gerekli sistemleri, ara\u00e7lar\u0131 ve deste\u011fi vermekteyiz. Proje y\u00f6netiminin en \u00f6nemli hedefi h\u0131zland\u0131r\u0131lm\u0131\u015f in\u015faat ve yenilik\u00e7i planlama ile de\u011feri projeye geri d\u00f6nd\u00fcrmektir. Projenin in\u015faat etab\u0131nda verilen hizmetler a\u015fa\u011f\u0131da \u00f6zetlenmi\u015ftir:<\/p>\n<p>\u0130n\u015faat S\u00fcreci<\/p>\n<ol>\n<li>Proje Hedeflerinin Belirlenmesi<\/li>\n<li>Projenin Zaman Program\u0131n\u0131n ve Takibinin Yap\u0131lmas\u0131<\/li>\n<li>Bilgilendirme ve Belgelendirme \u2013 Size bilgi ak\u0131\u015f\u0131n\u0131 sa\u011flamak, ve g\u00fcncel bilgileri size aktarmak<\/li>\n<li>Kaliteyi belirlemek ve takip etmek<\/li>\n<li>G\u00fcvenlik Protokollerinin Belirlenmesi<\/li>\n<li>\u0130\u015f Maliyeti ve Muhasebesi<\/li>\n<li>Proje Kapan\u0131\u015f\u0131 ve Garantiler<\/li>\n<\/ol>\n","protected":false},"excerpt":{"rendered":"<p>DELTA Prefabrik \u0130n\u015faat Taahh\u00fct A.\u015e., in\u015faat sekt\u00f6r\u00fcnde esaslar, hizmetler ve performans i\u00e7in en y\u00fcksek standartlar\u0131 ger\u00e7ekle\u015ftirmek ilkesine ba\u011fl\u0131d\u0131r. Bunun, tek ortak hedefi \u201csizin projenizin ba\u015far\u0131s\u0131&hellip;<\/p>\n","protected":false},"author":1,"featured_media":0,"parent":0,"menu_order":0,"comment_status":"closed","ping_status":"closed","template":"","meta":{"footnotes":""},"class_list":["post-1340","page","type-page","status-publish","hentry"],"_links":{"self":[{"href":"https:\/\/deltaprefabrik.com.tr\/index.php?rest_route=\/wp\/v2\/pages\/1340","targetHints":{"allow":["GET"]}}],"collection":[{"href":"https:\/\/deltaprefabrik.com.tr\/index.php?rest_route=\/wp\/v2\/pages"}],"about":[{"href":"https:\/\/deltaprefabrik.com.tr\/index.php?rest_route=\/wp\/v2\/types\/page"}],"author":[{"embeddable":true,"href":"https:\/\/deltaprefabrik.com.tr\/index.php?rest_route=\/wp\/v2\/users\/1"}],"replies":[{"embeddable":true,"href":"https:\/\/deltaprefabrik.com.tr\/index.php?rest_route=%2Fwp%2Fv2%2Fcomments&post=1340"}],"version-history":[{"count":1,"href":"https:\/\/deltaprefabrik.com.tr\/index.php?rest_route=\/wp\/v2\/pages\/1340\/revisions"}],"predecessor-version":[{"id":1341,"href":"https:\/\/deltaprefabrik.com.tr\/index.php?rest_route=\/wp\/v2\/pages\/1340\/revisions\/1341"}],"wp:attachment":[{"href":"https:\/\/deltaprefabrik.com.tr\/index.php?rest_route=%2Fwp%2Fv2%2Fmedia&parent=1340"}],"curies":[{"name":"wp","href":"https:\/\/api.w.org\/{rel}","templated":true}]}}