{"id":1332,"date":"2022-09-29T19:02:36","date_gmt":"2022-09-29T16:02:36","guid":{"rendered":"https:\/\/deltaprefabrik.com.tr\/?page_id=1332"},"modified":"2022-09-29T19:03:38","modified_gmt":"2022-09-29T16:03:38","slug":"is-sagligi-cevre-politikasi","status":"publish","type":"page","link":"https:\/\/deltaprefabrik.com.tr\/?page_id=1332&lang=tr","title":{"rendered":"\u0130\u015e SA\u011eLI\u011eI \u00c7EVRE POL\u0130T\u0130KASI"},"content":{"rendered":"<ul>\n<li>\u00c7al\u0131\u015f\u0131lan \u00fclkenin y\u00fcr\u00fcrl\u00fckteki i\u015f sa\u011fl\u0131\u011f\u0131 ve g\u00fcvenli\u011fi ve \u00e7evre ile ilgili kanun ve y\u00f6netmeliklerine uymak, B\u00fct\u00fcn faaliyetlerde s\u00fcrekli iyile\u015fme ve geli\u015fmeyi temel prensip olarak benimsemek,<\/li>\n<li>\u0130\u015f Sa\u011fl\u0131\u011f\u0131 G\u00fcvenli\u011fi ve \u00c7evre y\u00f6netim sistemleri uygulan\u0131rken i\u015fverenler de dahil olmak \u00fczere t\u00fcm taraflar\u0131n beklentilerini dikkate almak,<\/li>\n<li>At\u0131klar\u0131n geri d\u00f6n\u00fc\u015f\u00fcm\u00fcne \u00f6nem vererek at\u0131klar\u0131n kayna\u011f\u0131nda ayr\u0131\u015ft\u0131r\u0131lmas\u0131n\u0131 ve de\u011ferlendirilmesini sa\u011flamak, Enerji ve do\u011fal kaynaklar\u0131n t\u00fcketiminde israf\u0131 \u00f6nlemek,<\/li>\n<li>Yap\u0131m\u0131 ve i\u015fletimi s\u0131ras\u0131nda do\u011fal ortam\u0131 olumsuz y\u00f6nden en az derecede etkileyecek ve do\u011fal kaynaklar\u0131n minimum kullan\u0131m\u0131n\u0131 sa\u011flayacak projeleri geli\u015ftirmek ve i\u015fverenlere sunmak,<\/li>\n<li>Kazalara sebebiyet verebilecek tehlikeli ortamlar\u0131n olu\u015fmas\u0131n\u0131 engellemek ve mevcut tehlikeli ortamlar\u0131 ortadan kald\u0131rmak, Acil durumlara haz\u0131rl\u0131kl\u0131 olmak,<\/li>\n<li>Ta\u015feronlar\u0131n kanunlara ve Delta Prefabik \u0130n\u015faat Taahh\u00fct A.\u015e. \u2019in \u0130\u015f Sa\u011fl\u0131\u011f\u0131 ve G\u00fcvenli\u011fi ve \u00c7evre Y\u00f6netim Sistemlerinin y\u00f6ntem ve ilkelerine uymalar\u0131n\u0131 sa\u011flamak.<\/li>\n<\/ul>\n","protected":false},"excerpt":{"rendered":"<p>\u00c7al\u0131\u015f\u0131lan \u00fclkenin y\u00fcr\u00fcrl\u00fckteki i\u015f sa\u011fl\u0131\u011f\u0131 ve g\u00fcvenli\u011fi ve \u00e7evre ile ilgili kanun ve y\u00f6netmeliklerine uymak, B\u00fct\u00fcn faaliyetlerde s\u00fcrekli iyile\u015fme ve geli\u015fmeyi temel prensip olarak benimsemek,&hellip;<\/p>\n","protected":false},"author":1,"featured_media":0,"parent":0,"menu_order":0,"comment_status":"closed","ping_status":"closed","template":"","meta":{"footnotes":""},"class_list":["post-1332","page","type-page","status-publish","hentry"],"_links":{"self":[{"href":"https:\/\/deltaprefabrik.com.tr\/index.php?rest_route=\/wp\/v2\/pages\/1332","targetHints":{"allow":["GET"]}}],"collection":[{"href":"https:\/\/deltaprefabrik.com.tr\/index.php?rest_route=\/wp\/v2\/pages"}],"about":[{"href":"https:\/\/deltaprefabrik.com.tr\/index.php?rest_route=\/wp\/v2\/types\/page"}],"author":[{"embeddable":true,"href":"https:\/\/deltaprefabrik.com.tr\/index.php?rest_route=\/wp\/v2\/users\/1"}],"replies":[{"embeddable":true,"href":"https:\/\/deltaprefabrik.com.tr\/index.php?rest_route=%2Fwp%2Fv2%2Fcomments&post=1332"}],"version-history":[{"count":1,"href":"https:\/\/deltaprefabrik.com.tr\/index.php?rest_route=\/wp\/v2\/pages\/1332\/revisions"}],"predecessor-version":[{"id":1333,"href":"https:\/\/deltaprefabrik.com.tr\/index.php?rest_route=\/wp\/v2\/pages\/1332\/revisions\/1333"}],"wp:attachment":[{"href":"https:\/\/deltaprefabrik.com.tr\/index.php?rest_route=%2Fwp%2Fv2%2Fmedia&parent=1332"}],"curies":[{"name":"wp","href":"https:\/\/api.w.org\/{rel}","templated":true}]}}