{"id":1321,"date":"2022-09-29T18:58:11","date_gmt":"2022-09-29T15:58:11","guid":{"rendered":"https:\/\/deltaprefabrik.com.tr\/?page_id=1321"},"modified":"2022-09-29T19:01:48","modified_gmt":"2022-09-29T16:01:48","slug":"kurumsal-kalite-politikasi","status":"publish","type":"page","link":"https:\/\/deltaprefabrik.com.tr\/?page_id=1321&lang=tr","title":{"rendered":"KURUMSAL KAL\u0130TE POL\u0130T\u0130KASI"},"content":{"rendered":"<ul>\n<li>\u0130\u015fveren isteklerini y\u00f6nlendirmek ve bu isteklere maksimum d\u00fczeyde uymak,<\/li>\n<li>\u0130\u015fveren ve ta\u015feron ile ileti\u015fim kanallar\u0131n\u0131 tarif ederek bu ileti\u015fimin hatas\u0131z kurulmas\u0131n\u0131 sa\u011flamak,<\/li>\n<li>Projeleri i\u015f program\u0131na ve teknik \u015fartnamelere uygun olarak zaman\u0131nda bitirmek ve teslim etmek,<\/li>\n<li>\u015eantiye s\u00fcre\u00e7lerinde zayiatlar\u0131 minimum seviyede tutarak verimlili\u011fi art\u0131rmak, maliyetleri d\u00fc\u015f\u00fcrmek,<\/li>\n<li>\u00c7a\u011f\u0131n gerektirdi\u011fi modern ve ge\u00e7erli y\u00f6ntem, teknoloji, bilgi ve y\u00f6netim sistemlerini kullanmak, bu ama\u00e7la gerekli ara\u015ft\u0131rma ve yat\u0131r\u0131mdan ka\u00e7\u0131nmamak,<\/li>\n<li>\u00c7al\u0131\u015f\u0131lan \u00fclkenin yasal d\u00fczenlemelerine ve zorunlu standartlar\u0131na uymak,<\/li>\n<li>Personelin DELTA Prefabrik \u0130n\u015faat Taahh\u00fct A.\u015e. \u00e7al\u0131\u015fan\u0131 olmaktan dolay\u0131 kendisini mutlu hissetmesini ve gurur duymas\u0131n\u0131 sa\u011flamak,<\/li>\n<li>\u0130\u015f s\u00fcre\u00e7lerinin analizi ve geli\u015ftirilmesi sonucunda iyile\u015ftirme faaliyetlerini \u00e7al\u0131\u015fanlar\u0131n do\u011fal davran\u0131\u015f\u0131 haline getirmek,<\/li>\n<li>Ta\u015feronlar\u0131 geli\u015ftirmek amac\u0131yla y\u00f6nlendirici olunurken kalite, i\u015f sa\u011fl\u0131\u011f\u0131 ve g\u00fcvenli\u011fi ve \u00e7evre koruma kriterlerinden taviz vermeyecek \u015fekilde kontrol ve takip sistemlerini kurmak ve uygulamak,<\/li>\n<li>At\u0131lan her ad\u0131mda ve al\u0131nan t\u00fcm kararlarda DELTA Prefabrik \u0130n\u015faat Taahh\u00fct A.\u015e. personeli olman\u0131n y\u00fckledi\u011fi sorumluluk bilinci ile hareket edilerek elde edilen ba\u015far\u0131lar ile uzun y\u0131llarda kazan\u0131lan sayg\u0131nl\u0131\u011f\u0131n zedelenmeden artmas\u0131na katk\u0131 sa\u011flamak.<\/li>\n<\/ul>\n","protected":false},"excerpt":{"rendered":"<p>\u0130\u015fveren isteklerini y\u00f6nlendirmek ve bu isteklere maksimum d\u00fczeyde uymak, \u0130\u015fveren ve ta\u015feron ile ileti\u015fim kanallar\u0131n\u0131 tarif ederek bu ileti\u015fimin hatas\u0131z kurulmas\u0131n\u0131 sa\u011flamak, Projeleri i\u015f program\u0131na&hellip;<\/p>\n","protected":false},"author":1,"featured_media":0,"parent":0,"menu_order":0,"comment_status":"closed","ping_status":"closed","template":"","meta":{"footnotes":""},"class_list":["post-1321","page","type-page","status-publish","hentry"],"_links":{"self":[{"href":"https:\/\/deltaprefabrik.com.tr\/index.php?rest_route=\/wp\/v2\/pages\/1321","targetHints":{"allow":["GET"]}}],"collection":[{"href":"https:\/\/deltaprefabrik.com.tr\/index.php?rest_route=\/wp\/v2\/pages"}],"about":[{"href":"https:\/\/deltaprefabrik.com.tr\/index.php?rest_route=\/wp\/v2\/types\/page"}],"author":[{"embeddable":true,"href":"https:\/\/deltaprefabrik.com.tr\/index.php?rest_route=\/wp\/v2\/users\/1"}],"replies":[{"embeddable":true,"href":"https:\/\/deltaprefabrik.com.tr\/index.php?rest_route=%2Fwp%2Fv2%2Fcomments&post=1321"}],"version-history":[{"count":1,"href":"https:\/\/deltaprefabrik.com.tr\/index.php?rest_route=\/wp\/v2\/pages\/1321\/revisions"}],"predecessor-version":[{"id":1322,"href":"https:\/\/deltaprefabrik.com.tr\/index.php?rest_route=\/wp\/v2\/pages\/1321\/revisions\/1322"}],"wp:attachment":[{"href":"https:\/\/deltaprefabrik.com.tr\/index.php?rest_route=%2Fwp%2Fv2%2Fmedia&parent=1321"}],"curies":[{"name":"wp","href":"https:\/\/api.w.org\/{rel}","templated":true}]}}