{"id":1317,"date":"2022-09-29T18:55:21","date_gmt":"2022-09-29T15:55:21","guid":{"rendered":"https:\/\/deltaprefabrik.com.tr\/?page_id=1317"},"modified":"2022-09-29T19:55:36","modified_gmt":"2022-09-29T16:55:36","slug":"hakkimizda","status":"publish","type":"page","link":"https:\/\/deltaprefabrik.com.tr\/?page_id=1317&lang=tr","title":{"rendered":"HAKKIMIZDA"},"content":{"rendered":"<p>DELTA Prefabrik \u0130n\u015faat Taahh\u00fct A.\u015e.. nin temelleri iki \u0130n\u015faat M\u00fchendisi , Erhan ERO\u011eLU ve Cem \u00c7A\u011eATAY \u0131n bir araya gelmeleri ile at\u0131lm\u0131\u015f ve 2021 Y\u0131l\u0131nda g\u00fc\u00e7lerini birle\u015ftirmesi ile a\u011f\u0131rl\u0131kll\u0131 Prefabrik , , \u00fcstyap\u0131 in\u015faat\u0131 olmak \u00fczere altyap\u0131 in\u015faat\u0131, alanlar\u0131nda yolculu\u011funa ba\u015flam\u0131\u015ft\u0131r. Her iki m\u00fchendiste end\u00fcstriel yap\u0131lar , \u00fcst yap\u0131lar anahtar teslimi kaba ve ince in\u015faatlar olmak \u00fczere \u00fcstyap\u0131, alt yap\u0131 konusunda bir\u00e7ok ba\u015far\u0131l\u0131 projeye imza atm\u0131\u015ft\u0131r.<\/p>\n","protected":false},"excerpt":{"rendered":"<p>DELTA Prefabrik \u0130n\u015faat Taahh\u00fct A.\u015e.. nin temelleri iki \u0130n\u015faat M\u00fchendisi , Erhan ERO\u011eLU ve Cem \u00c7A\u011eATAY \u0131n bir araya gelmeleri ile at\u0131lm\u0131\u015f ve 2021 Y\u0131l\u0131nda&hellip;<\/p>\n","protected":false},"author":1,"featured_media":0,"parent":0,"menu_order":0,"comment_status":"closed","ping_status":"closed","template":"","meta":{"footnotes":""},"class_list":["post-1317","page","type-page","status-publish","hentry"],"_links":{"self":[{"href":"https:\/\/deltaprefabrik.com.tr\/index.php?rest_route=\/wp\/v2\/pages\/1317","targetHints":{"allow":["GET"]}}],"collection":[{"href":"https:\/\/deltaprefabrik.com.tr\/index.php?rest_route=\/wp\/v2\/pages"}],"about":[{"href":"https:\/\/deltaprefabrik.com.tr\/index.php?rest_route=\/wp\/v2\/types\/page"}],"author":[{"embeddable":true,"href":"https:\/\/deltaprefabrik.com.tr\/index.php?rest_route=\/wp\/v2\/users\/1"}],"replies":[{"embeddable":true,"href":"https:\/\/deltaprefabrik.com.tr\/index.php?rest_route=%2Fwp%2Fv2%2Fcomments&post=1317"}],"version-history":[{"count":1,"href":"https:\/\/deltaprefabrik.com.tr\/index.php?rest_route=\/wp\/v2\/pages\/1317\/revisions"}],"predecessor-version":[{"id":1318,"href":"https:\/\/deltaprefabrik.com.tr\/index.php?rest_route=\/wp\/v2\/pages\/1317\/revisions\/1318"}],"wp:attachment":[{"href":"https:\/\/deltaprefabrik.com.tr\/index.php?rest_route=%2Fwp%2Fv2%2Fmedia&parent=1317"}],"curies":[{"name":"wp","href":"https:\/\/api.w.org\/{rel}","templated":true}]}}