{"id":1207,"date":"2022-09-02T21:28:08","date_gmt":"2022-09-02T18:28:08","guid":{"rendered":"https:\/\/deltaprefabrik.com.tr\/?page_id=1207"},"modified":"2022-10-14T18:16:41","modified_gmt":"2022-10-14T15:16:41","slug":"iletisim","status":"publish","type":"page","link":"https:\/\/deltaprefabrik.com.tr\/?page_id=1207&lang=tr","title":{"rendered":"\u0130LET\u0130\u015e\u0130M"},"content":{"rendered":"<p><strong>Adres<\/strong><br \/>\n\u0130zmir Yolu 37. Km \u0130kizce Mahallesi, \u0130kizce Sokak No:250 Karacabey \/ BURSA<\/p>\n<p><strong>Telefon<\/strong><br \/>\n0532 414 26 18<\/p>\n<p><strong>Email<\/strong><br \/>\n<a href=\"mailto:info@deltaprefabrik.com\">info@deltaprefabrik.com<\/a><\/p>\n<hr \/>\n<p><iframe loading=\"lazy\" style=\"border: 0;\" src=\"https:\/\/www.google.com\/maps\/embed?pb=!1m18!1m12!1m3!1d3022.23718427581!2d28.6472043153732!3d40.23053897938706!2m3!1f0!2f0!3f0!3m2!1i1024!2i768!4f13.1!3m3!1m2!1s0x0%3A0xb79caebed0dc7d10!2zNDDCsDEzJzQ5LjkiTiAyOMKwMzgnNTcuOCJF!5e1!3m2!1str!2str!4v1662208138438!5m2!1str!2str\" width=\"900\" height=\"300\" allowfullscreen=\"allowfullscreen\"><span data-mce-type=\"bookmark\" style=\"display: inline-block; width: 0px; overflow: hidden; line-height: 0;\" class=\"mce_SELRES_start\">\ufeff<\/span><\/iframe><\/p>\n<hr \/>\n<p>&nbsp;<\/p>\n","protected":false},"excerpt":{"rendered":"<p>Adres \u0130zmir Yolu 37. Km \u0130kizce Mahallesi, \u0130kizce Sokak No:250 Karacabey \/ BURSA Telefon 0532 414 26 18 Email info@deltaprefabrik.com \ufeff &nbsp;<\/p>\n","protected":false},"author":1,"featured_media":0,"parent":0,"menu_order":0,"comment_status":"closed","ping_status":"closed","template":"","meta":{"footnotes":""},"class_list":["post-1207","page","type-page","status-publish","hentry"],"_links":{"self":[{"href":"https:\/\/deltaprefabrik.com.tr\/index.php?rest_route=\/wp\/v2\/pages\/1207","targetHints":{"allow":["GET"]}}],"collection":[{"href":"https:\/\/deltaprefabrik.com.tr\/index.php?rest_route=\/wp\/v2\/pages"}],"about":[{"href":"https:\/\/deltaprefabrik.com.tr\/index.php?rest_route=\/wp\/v2\/types\/page"}],"author":[{"embeddable":true,"href":"https:\/\/deltaprefabrik.com.tr\/index.php?rest_route=\/wp\/v2\/users\/1"}],"replies":[{"embeddable":true,"href":"https:\/\/deltaprefabrik.com.tr\/index.php?rest_route=%2Fwp%2Fv2%2Fcomments&post=1207"}],"version-history":[{"count":33,"href":"https:\/\/deltaprefabrik.com.tr\/index.php?rest_route=\/wp\/v2\/pages\/1207\/revisions"}],"predecessor-version":[{"id":1528,"href":"https:\/\/deltaprefabrik.com.tr\/index.php?rest_route=\/wp\/v2\/pages\/1207\/revisions\/1528"}],"wp:attachment":[{"href":"https:\/\/deltaprefabrik.com.tr\/index.php?rest_route=%2Fwp%2Fv2%2Fmedia&parent=1207"}],"curies":[{"name":"wp","href":"https:\/\/api.w.org\/{rel}","templated":true}]}}