{"id":1203,"date":"2022-09-02T21:27:29","date_gmt":"2022-09-02T18:27:29","guid":{"rendered":"https:\/\/deltaprefabrik.com.tr\/?page_id=1203"},"modified":"2022-09-29T18:54:12","modified_gmt":"2022-09-29T15:54:12","slug":"misyonumuz","status":"publish","type":"page","link":"https:\/\/deltaprefabrik.com.tr\/?page_id=1203&lang=tr","title":{"rendered":"M\u0130SYONUMUZ"},"content":{"rendered":"<p>Deneyimli ve \u00f6zverili kadrosu ile yer ald\u0131\u011f\u0131 projeleri, kaliteden \u00f6d\u00fcn vermeden ba\u015far\u0131yla tamamlamak.<\/p>\n","protected":false},"excerpt":{"rendered":"<p>Deneyimli ve \u00f6zverili kadrosu ile yer ald\u0131\u011f\u0131 projeleri, kaliteden \u00f6d\u00fcn vermeden ba\u015far\u0131yla tamamlamak.<\/p>\n","protected":false},"author":1,"featured_media":0,"parent":0,"menu_order":0,"comment_status":"closed","ping_status":"closed","template":"","meta":{"footnotes":""},"class_list":["post-1203","page","type-page","status-publish","hentry"],"_links":{"self":[{"href":"https:\/\/deltaprefabrik.com.tr\/index.php?rest_route=\/wp\/v2\/pages\/1203","targetHints":{"allow":["GET"]}}],"collection":[{"href":"https:\/\/deltaprefabrik.com.tr\/index.php?rest_route=\/wp\/v2\/pages"}],"about":[{"href":"https:\/\/deltaprefabrik.com.tr\/index.php?rest_route=\/wp\/v2\/types\/page"}],"author":[{"embeddable":true,"href":"https:\/\/deltaprefabrik.com.tr\/index.php?rest_route=\/wp\/v2\/users\/1"}],"replies":[{"embeddable":true,"href":"https:\/\/deltaprefabrik.com.tr\/index.php?rest_route=%2Fwp%2Fv2%2Fcomments&post=1203"}],"version-history":[{"count":3,"href":"https:\/\/deltaprefabrik.com.tr\/index.php?rest_route=\/wp\/v2\/pages\/1203\/revisions"}],"predecessor-version":[{"id":1313,"href":"https:\/\/deltaprefabrik.com.tr\/index.php?rest_route=\/wp\/v2\/pages\/1203\/revisions\/1313"}],"wp:attachment":[{"href":"https:\/\/deltaprefabrik.com.tr\/index.php?rest_route=%2Fwp%2Fv2%2Fmedia&parent=1203"}],"curies":[{"name":"wp","href":"https:\/\/api.w.org\/{rel}","templated":true}]}}