{"id":1173,"date":"2022-09-02T19:40:55","date_gmt":"2022-09-02T16:40:55","guid":{"rendered":"https:\/\/deltaprefabrik.com.tr\/?page_id=1173"},"modified":"2022-10-13T18:23:30","modified_gmt":"2022-10-13T15:23:30","slug":"devam-eden-projeler","status":"publish","type":"page","link":"https:\/\/deltaprefabrik.com.tr\/?page_id=1173&lang=tr","title":{"rendered":"DEVAM EDEN PROJELER"},"content":{"rendered":"<h3>DEVAM EDEN PROJELER<\/h3>\n<ol>\n<li>\u0130smail Kaplan \u2013 Bursa Deri Organize Sanayi Fabrika \u0130n\u015faat\u0131<u><\/u><u><\/u><\/li>\n<li class=\"m_2458777986888463796MsoListParagraph\">Green City \u0130n\u015faat- Ersel H\u00fcro\u011flu Fabrika Binas\u0131 \u0130n\u015faat\u0131 G\u00fcrsu<u><\/u><u><\/u><\/li>\n<li class=\"m_2458777986888463796MsoListParagraph\">Shaza Ltd \u015eti- Depo \u0130n\u015faat\u0131 Karacabey<u><\/u><u><\/u><\/li>\n<li class=\"m_2458777986888463796MsoListParagraph\">Ali-Erdal Onur &#8211; Bursa Deri Organize Sanayi Fabrika \u0130n\u015faat\u0131<u><\/u><u><\/u><\/li>\n<li class=\"m_2458777986888463796MsoListParagraph\">Green City \u0130n\u015faat- Y\u0130M Yap\u0131 Fabrika Binas\u0131 \u0130n\u015faat\u0131 Bursa<\/li>\n<\/ol>\n","protected":false},"excerpt":{"rendered":"<p>DEVAM EDEN PROJELER \u0130smail Kaplan \u2013 Bursa Deri Organize Sanayi Fabrika \u0130n\u015faat\u0131 Green City \u0130n\u015faat- Ersel H\u00fcro\u011flu Fabrika Binas\u0131 \u0130n\u015faat\u0131 G\u00fcrsu Shaza Ltd \u015eti- Depo&hellip;<\/p>\n","protected":false},"author":1,"featured_media":0,"parent":0,"menu_order":0,"comment_status":"closed","ping_status":"closed","template":"","meta":{"footnotes":""},"class_list":["post-1173","page","type-page","status-publish","hentry"],"_links":{"self":[{"href":"https:\/\/deltaprefabrik.com.tr\/index.php?rest_route=\/wp\/v2\/pages\/1173","targetHints":{"allow":["GET"]}}],"collection":[{"href":"https:\/\/deltaprefabrik.com.tr\/index.php?rest_route=\/wp\/v2\/pages"}],"about":[{"href":"https:\/\/deltaprefabrik.com.tr\/index.php?rest_route=\/wp\/v2\/types\/page"}],"author":[{"embeddable":true,"href":"https:\/\/deltaprefabrik.com.tr\/index.php?rest_route=\/wp\/v2\/users\/1"}],"replies":[{"embeddable":true,"href":"https:\/\/deltaprefabrik.com.tr\/index.php?rest_route=%2Fwp%2Fv2%2Fcomments&post=1173"}],"version-history":[{"count":5,"href":"https:\/\/deltaprefabrik.com.tr\/index.php?rest_route=\/wp\/v2\/pages\/1173\/revisions"}],"predecessor-version":[{"id":1478,"href":"https:\/\/deltaprefabrik.com.tr\/index.php?rest_route=\/wp\/v2\/pages\/1173\/revisions\/1478"}],"wp:attachment":[{"href":"https:\/\/deltaprefabrik.com.tr\/index.php?rest_route=%2Fwp%2Fv2%2Fmedia&parent=1173"}],"curies":[{"name":"wp","href":"https:\/\/api.w.org\/{rel}","templated":true}]}}